{"id":23,"date":"2020-11-06T10:20:00","date_gmt":"2020-11-06T10:20:00","guid":{"rendered":"https:\/\/ergotherapiekonolfingen.ch\/?page_id=23"},"modified":"2025-11-05T17:31:24","modified_gmt":"2025-11-05T16:31:24","slug":"ueber-uns","status":"publish","type":"page","link":"https:\/\/ergotherapiekonolfingen.ch\/?page_id=23","title":{"rendered":"\u00dcber mich"},"content":{"rendered":"<div class=\"wp-block-image wp-block-image alignright size-large is-resized\">\n<figure ><img loading=\"lazy\" decoding=\"async\" width=\"683\" height=\"1024\" src=\"https:\/\/ergotherapiekonolfingen.ch\/wp-content\/uploads\/2020\/10\/024373C8-E7AE-4D40-BB5B-58FF09BB2E7F-683x1024.jpeg\" alt=\"\" class=\"wp-image-102\" style=\"width:216px;height:auto\" srcset=\"https:\/\/ergotherapiekonolfingen.ch\/wp-content\/uploads\/2020\/10\/024373C8-E7AE-4D40-BB5B-58FF09BB2E7F-683x1024.jpeg 683w, https:\/\/ergotherapiekonolfingen.ch\/wp-content\/uploads\/2020\/10\/024373C8-E7AE-4D40-BB5B-58FF09BB2E7F-200x300.jpeg 200w, https:\/\/ergotherapiekonolfingen.ch\/wp-content\/uploads\/2020\/10\/024373C8-E7AE-4D40-BB5B-58FF09BB2E7F-768x1152.jpeg 768w, https:\/\/ergotherapiekonolfingen.ch\/wp-content\/uploads\/2020\/10\/024373C8-E7AE-4D40-BB5B-58FF09BB2E7F-1024x1536.jpeg 1024w, https:\/\/ergotherapiekonolfingen.ch\/wp-content\/uploads\/2020\/10\/024373C8-E7AE-4D40-BB5B-58FF09BB2E7F-1365x2048.jpeg 1365w, https:\/\/ergotherapiekonolfingen.ch\/wp-content\/uploads\/2020\/10\/024373C8-E7AE-4D40-BB5B-58FF09BB2E7F-scaled.jpeg 1707w\" sizes=\"auto, (max-width: 683px) 100vw, 683px\" \/><\/figure>\n<\/div>\n\n\n<h2 class=\"wp-block-heading\">Regula Jordi<\/h2>\n\n\n\n<p class=\"has-text-align-left\">Seit 2010 bin ich dipl. Ergotherapeutin FH und behandle Patienten nach Handverletzungen oder mit Handerkrankungen. Es ist mir ein grosses Anliegen, gemeinsam mit den PatientInnen die Behandlungsziele festzulegen und die gesteckten Rehaziele zu erreichen.<\/p>\n\n\n\n<h4 class=\"wp-block-heading\"><strong>Mein Werdegang<\/strong><\/h4>\n\n\n\n<p>2010 Diplom in Ergotherapie Bsc. an der ZHAW<br>2010 &#8211; heute regelm\u00e4ssige Weiterbildungen in der Handtherapie und im Bereich der P\u00e4diatrie<br>2006 Berufsmaturit\u00e4t Fachrichtung Gesundheit-Soziales<br>2004 dipl. Drogistin EFZ<\/p>\n\n\n\n<h4 class=\"wp-block-heading\"><strong>Berufliche T\u00e4tigkeiten als Ergotherapeutin<\/strong><\/h4>\n\n\n\n<p class=\"has-text-align-left\">2020 &#8211; heute selbst\u00e4ndig in meiner Praxis f\u00fcr Handtherapie in Konolfingen<br>2020 &#8211; 2021 Praxis f\u00fcr Handtherapie Christa Jenni, Aarberg<br>2019 &#8211; 2020 Schweizerisches Rotes Kreuz Bern, Spital Frutigen<br>2018 &#8211; 2019 Schweizersische Rotes Kreuz Graub\u00fcnden Spital Davos, mit Leitung<br>2012 &#8211; 2017 Schweizerisches Rotes Kreuz Graub\u00fcnden Spital Davos, ohne Leitung<br>2011 &#8211; 2012 Schweizerisches Rotes Kreuz Graub\u00fcnden Spital Davos und Graub\u00fcnden Thusis<br>2010 &#8211; 2011 Praxis f\u00fcr Gesundheitsentwicklung, Sissach (P\u00e4diatrie)<br><\/p>\n","protected":false},"excerpt":{"rendered":"<p>Regula Jordi Seit 2010 bin ich dipl. Ergotherapeutin FH und behandle Patienten nach Handverletzungen oder mit Handerkrankungen. Es ist mir ein grosses Anliegen, gemeinsam mit den PatientInnen die Behandlungsziele festzulegen und die gesteckten Rehaziele zu erreichen. Mein Werdegang 2010 Diplom in Ergotherapie Bsc. an der ZHAW2010 &#8211; heute regelm\u00e4ssige Weiterbildungen in der Handtherapie und im [&hellip;]<\/p>\n","protected":false},"author":1,"featured_media":0,"parent":0,"menu_order":0,"comment_status":"closed","ping_status":"closed","template":"","meta":{"footnotes":""},"class_list":["post-23","page","type-page","status-publish","hentry"],"_links":{"self":[{"href":"https:\/\/ergotherapiekonolfingen.ch\/index.php?rest_route=\/wp\/v2\/pages\/23","targetHints":{"allow":["GET"]}}],"collection":[{"href":"https:\/\/ergotherapiekonolfingen.ch\/index.php?rest_route=\/wp\/v2\/pages"}],"about":[{"href":"https:\/\/ergotherapiekonolfingen.ch\/index.php?rest_route=\/wp\/v2\/types\/page"}],"author":[{"embeddable":true,"href":"https:\/\/ergotherapiekonolfingen.ch\/index.php?rest_route=\/wp\/v2\/users\/1"}],"replies":[{"embeddable":true,"href":"https:\/\/ergotherapiekonolfingen.ch\/index.php?rest_route=%2Fwp%2Fv2%2Fcomments&post=23"}],"version-history":[{"count":27,"href":"https:\/\/ergotherapiekonolfingen.ch\/index.php?rest_route=\/wp\/v2\/pages\/23\/revisions"}],"predecessor-version":[{"id":507,"href":"https:\/\/ergotherapiekonolfingen.ch\/index.php?rest_route=\/wp\/v2\/pages\/23\/revisions\/507"}],"wp:attachment":[{"href":"https:\/\/ergotherapiekonolfingen.ch\/index.php?rest_route=%2Fwp%2Fv2%2Fmedia&parent=23"}],"curies":[{"name":"wp","href":"https:\/\/api.w.org\/{rel}","templated":true}]}}