{"id":24,"date":"2024-10-05T15:34:50","date_gmt":"2024-10-05T13:34:50","guid":{"rendered":"https:\/\/ergotherapiekonolfingen.ch\/?page_id=24"},"modified":"2025-09-04T21:11:11","modified_gmt":"2025-09-04T19:11:11","slug":"kontakt","status":"publish","type":"page","link":"https:\/\/ergotherapiekonolfingen.ch\/?page_id=24","title":{"rendered":"Kontakt"},"content":{"rendered":"\n<p class=\"has-text-align-left\">Praxis f\u00fcr Handtherapie<br>Regula Jordi<br>Burgweg 1<br>3510 Konolfingen<br><br>078 420 18 22<br>regula.jordi@hin.ch<\/p>\n\n\n\n<p class=\"has-text-align-left\">info@ergotherapiekonolfingen.ch<\/p>\n\n\n\n<p class=\"has-text-align-left\"><\/p>\n\n\n\n<p>In enger Zusammenarbeit und gegenseitiger Vertretung mit Annina L\u00fcthi, Praxis f\u00fcr Ergotherapie in Grossh\u00f6chstetten. <\/p>\n\n\n\n<p>079 269 16 60 oder annina.luethi@evs-hin.ch<\/p>\n\n\n\n<hr class=\"wp-block-separator has-alpha-channel-opacity is-style-wide\"\/>\n\n\n\n<p><strong>Termine absagen<\/strong><br>Wenn Sie Ihren Termin nicht wahrnehmen k\u00f6nnen, lassen Sie es uns per Telefon oder Email mindestens 24 Stunden vorher wissen. Vers\u00e4umte oder nicht eingehaltene Termine werden in Rechnung gestellt. Die Kosten werden nicht von Ihrer Krankenkasse \u00fcbernommen. Besten Dank f\u00fcr die Kenntnisnahme.<\/p>\n","protected":false},"excerpt":{"rendered":"<p>Praxis f\u00fcr HandtherapieRegula JordiBurgweg 13510 Konolfingen 078 420 18 22regula.jordi@hin.ch info@ergotherapiekonolfingen.ch In enger Zusammenarbeit und gegenseitiger Vertretung mit Annina L\u00fcthi, Praxis f\u00fcr Ergotherapie in Grossh\u00f6chstetten. 079 269 16 60 oder annina.luethi@evs-hin.ch Termine absagenWenn Sie Ihren Termin nicht wahrnehmen k\u00f6nnen, lassen Sie es uns per Telefon oder Email mindestens 24 Stunden vorher wissen. Vers\u00e4umte oder nicht [&hellip;]<\/p>\n","protected":false},"author":1,"featured_media":0,"parent":0,"menu_order":0,"comment_status":"closed","ping_status":"closed","template":"","meta":{"footnotes":""},"class_list":["post-24","page","type-page","status-publish","hentry"],"_links":{"self":[{"href":"https:\/\/ergotherapiekonolfingen.ch\/index.php?rest_route=\/wp\/v2\/pages\/24","targetHints":{"allow":["GET"]}}],"collection":[{"href":"https:\/\/ergotherapiekonolfingen.ch\/index.php?rest_route=\/wp\/v2\/pages"}],"about":[{"href":"https:\/\/ergotherapiekonolfingen.ch\/index.php?rest_route=\/wp\/v2\/types\/page"}],"author":[{"embeddable":true,"href":"https:\/\/ergotherapiekonolfingen.ch\/index.php?rest_route=\/wp\/v2\/users\/1"}],"replies":[{"embeddable":true,"href":"https:\/\/ergotherapiekonolfingen.ch\/index.php?rest_route=%2Fwp%2Fv2%2Fcomments&post=24"}],"version-history":[{"count":21,"href":"https:\/\/ergotherapiekonolfingen.ch\/index.php?rest_route=\/wp\/v2\/pages\/24\/revisions"}],"predecessor-version":[{"id":496,"href":"https:\/\/ergotherapiekonolfingen.ch\/index.php?rest_route=\/wp\/v2\/pages\/24\/revisions\/496"}],"wp:attachment":[{"href":"https:\/\/ergotherapiekonolfingen.ch\/index.php?rest_route=%2Fwp%2Fv2%2Fmedia&parent=24"}],"curies":[{"name":"wp","href":"https:\/\/api.w.org\/{rel}","templated":true}]}}