{"id":28,"date":"2020-08-31T19:31:22","date_gmt":"2020-08-31T19:31:22","guid":{"rendered":"https:\/\/ergotherapiekonolfingen.ch\/?page_id=28"},"modified":"2020-11-23T08:26:43","modified_gmt":"2020-11-23T08:26:43","slug":"was-ist-ergotherapie","status":"publish","type":"page","link":"https:\/\/ergotherapiekonolfingen.ch\/?page_id=28","title":{"rendered":"Was ist Ergotherapie"},"content":{"rendered":"\n<h1 class=\"has-normal-font-size wp-block-heading\" id=\"p0\">Ergotherapie bei Verletzungen und Erkrankungen der oberen Extremit\u00e4t<\/h1>\n\n\n\n<p id=\"p1\">Ergotherapie stellt die Handlungsf\u00e4higkeit des Menschen in den Mittelpunkt. Sie tr\u00e4gt zur Verbesserung der Gesundheit und zur Steigerung der Lebensqualit\u00e4t bei. Sie bef\u00e4higt Menschen, an den Aktivit\u00e4ten des t\u00e4glichen Lebens und an der Gesellschaft teilzuhaben.<\/p>\n\n\n\n<p>(Quelle: Hompage des Ergotherapieverbandes Schweiz)<\/p>\n","protected":false},"excerpt":{"rendered":"<p>Ergotherapie bei Verletzungen und Erkrankungen der oberen Extremit\u00e4t Ergotherapie stellt die Handlungsf\u00e4higkeit des Menschen in den Mittelpunkt. Sie tr\u00e4gt zur Verbesserung der Gesundheit und zur Steigerung der Lebensqualit\u00e4t bei. Sie bef\u00e4higt Menschen, an den Aktivit\u00e4ten des t\u00e4glichen Lebens und an der Gesellschaft teilzuhaben. (Quelle: Hompage des Ergotherapieverbandes Schweiz)<\/p>\n","protected":false},"author":1,"featured_media":0,"parent":0,"menu_order":0,"comment_status":"closed","ping_status":"closed","template":"","meta":{"footnotes":""},"class_list":["post-28","page","type-page","status-publish","hentry"],"_links":{"self":[{"href":"https:\/\/ergotherapiekonolfingen.ch\/index.php?rest_route=\/wp\/v2\/pages\/28","targetHints":{"allow":["GET"]}}],"collection":[{"href":"https:\/\/ergotherapiekonolfingen.ch\/index.php?rest_route=\/wp\/v2\/pages"}],"about":[{"href":"https:\/\/ergotherapiekonolfingen.ch\/index.php?rest_route=\/wp\/v2\/types\/page"}],"author":[{"embeddable":true,"href":"https:\/\/ergotherapiekonolfingen.ch\/index.php?rest_route=\/wp\/v2\/users\/1"}],"replies":[{"embeddable":true,"href":"https:\/\/ergotherapiekonolfingen.ch\/index.php?rest_route=%2Fwp%2Fv2%2Fcomments&post=28"}],"version-history":[{"count":2,"href":"https:\/\/ergotherapiekonolfingen.ch\/index.php?rest_route=\/wp\/v2\/pages\/28\/revisions"}],"predecessor-version":[{"id":122,"href":"https:\/\/ergotherapiekonolfingen.ch\/index.php?rest_route=\/wp\/v2\/pages\/28\/revisions\/122"}],"wp:attachment":[{"href":"https:\/\/ergotherapiekonolfingen.ch\/index.php?rest_route=%2Fwp%2Fv2%2Fmedia&parent=28"}],"curies":[{"name":"wp","href":"https:\/\/api.w.org\/{rel}","templated":true}]}}