{"id":88,"date":"2020-10-06T16:50:56","date_gmt":"2020-10-06T16:50:56","guid":{"rendered":"https:\/\/ergotherapiekonolfingen.ch\/?page_id=88"},"modified":"2020-11-25T21:02:59","modified_gmt":"2020-11-25T21:02:59","slug":"verodnung","status":"publish","type":"page","link":"https:\/\/ergotherapiekonolfingen.ch\/?page_id=88","title":{"rendered":"Verordnung"},"content":{"rendered":"\n<p>Ergotherapie wird von der Grundversicherung der Krankenkasse, den Unvallversicherungen-, Milit\u00e4rversicherung und der Invalidenversicherung auf \u00e4rztliche Verordnung hin verg\u00fctet. <\/p>\n\n\n\n<div class=\"wp-block-file\"><a href=\"https:\/\/ergotherapiekonolfingen.ch\/wp-content\/uploads\/2020\/10\/Verordnungsformular_Handtherapie_zumBearbeiten_de.pdf\">Verordnungsformular mit Zusatzblatt Handtherapie<\/a><a href=\"https:\/\/ergotherapiekonolfingen.ch\/wp-content\/uploads\/2020\/10\/Verordnungsformular_Handtherapie_zumBearbeiten_de.pdf\" class=\"wp-block-file__button\" download>Herunterladen<\/a><\/div>\n\n\n\n<div class=\"wp-block-file\"><a href=\"https:\/\/ergotherapiekonolfingen.ch\/wp-content\/uploads\/2020\/10\/Verordnung_f_r_Ergotherapie__2019.pdf\">Verordnung Ergotherapie<\/a><a href=\"https:\/\/ergotherapiekonolfingen.ch\/wp-content\/uploads\/2020\/10\/Verordnung_f_r_Ergotherapie__2019.pdf\" class=\"wp-block-file__button\" download>Herunterladen<\/a><\/div>\n","protected":false},"excerpt":{"rendered":"<p>Ergotherapie wird von der Grundversicherung der Krankenkasse, den Unvallversicherungen-, Milit\u00e4rversicherung und der Invalidenversicherung auf \u00e4rztliche Verordnung hin verg\u00fctet.<\/p>\n","protected":false},"author":1,"featured_media":0,"parent":0,"menu_order":0,"comment_status":"closed","ping_status":"closed","template":"","meta":{"footnotes":""},"class_list":["post-88","page","type-page","status-publish","hentry"],"_links":{"self":[{"href":"https:\/\/ergotherapiekonolfingen.ch\/index.php?rest_route=\/wp\/v2\/pages\/88","targetHints":{"allow":["GET"]}}],"collection":[{"href":"https:\/\/ergotherapiekonolfingen.ch\/index.php?rest_route=\/wp\/v2\/pages"}],"about":[{"href":"https:\/\/ergotherapiekonolfingen.ch\/index.php?rest_route=\/wp\/v2\/types\/page"}],"author":[{"embeddable":true,"href":"https:\/\/ergotherapiekonolfingen.ch\/index.php?rest_route=\/wp\/v2\/users\/1"}],"replies":[{"embeddable":true,"href":"https:\/\/ergotherapiekonolfingen.ch\/index.php?rest_route=%2Fwp%2Fv2%2Fcomments&post=88"}],"version-history":[{"count":7,"href":"https:\/\/ergotherapiekonolfingen.ch\/index.php?rest_route=\/wp\/v2\/pages\/88\/revisions"}],"predecessor-version":[{"id":126,"href":"https:\/\/ergotherapiekonolfingen.ch\/index.php?rest_route=\/wp\/v2\/pages\/88\/revisions\/126"}],"wp:attachment":[{"href":"https:\/\/ergotherapiekonolfingen.ch\/index.php?rest_route=%2Fwp%2Fv2%2Fmedia&parent=88"}],"curies":[{"name":"wp","href":"https:\/\/api.w.org\/{rel}","templated":true}]}}