{"id":91,"date":"2020-10-06T16:51:32","date_gmt":"2020-10-06T16:51:32","guid":{"rendered":"https:\/\/ergotherapiekonolfingen.ch\/?page_id=91"},"modified":"2026-04-10T17:31:51","modified_gmt":"2026-04-10T15:31:51","slug":"home","status":"publish","type":"page","link":"https:\/\/ergotherapiekonolfingen.ch\/","title":{"rendered":"Home"},"content":{"rendered":"\n<p class=\"has-text-align-left has-medium-font-size\">Herzlich Willkommen in der Praxis f\u00fcr<br>Handtherapie und Ergotherapie Regula Jordi in Konolfingen.<br><br>Ich freue mich auf Ihre Kontaktaufnahme per Telefon oder Mail<\/p>\n\n\n\n<p class=\"has-text-align-left has-medium-font-size\">Ferienabwesenheit vom 11. April bis am 19. April 2026 <\/p>\n\n\n\n<p class=\"has-text-align-left has-medium-font-size\">In dieser Zeit k\u00f6nnen Mails und Telefonanrufe nicht beantwortet werden. Vielen Dank f\u00fcr Ihr Verst\u00e4ndnis. <\/p>\n\n\n\n<p>Praxis f\u00fcr Handtherapie, Regula Jordi, Burgweg 1, 3510 Konolfingen <\/p>\n\n\n\n<p>078 420 18 22 <\/p>\n\n\n\n<p>regula.jordi@hin.ch<\/p>\n\n\n\n<p><\/p>\n\n\n\n<p><\/p>\n\n\n\n<p style=\"font-style:normal;font-weight:600\"><\/p>\n\n\n\n<p><\/p>\n\n\n\n<p><\/p>\n\n\n\n<p><\/p>\n\n\n\n<p><\/p>\n\n\n\n<p><\/p>\n\n\n\n<p><\/p>\n","protected":false},"excerpt":{"rendered":"<p>Herzlich Willkommen in der Praxis f\u00fcrHandtherapie und Ergotherapie Regula Jordi in Konolfingen. Ich freue mich auf Ihre Kontaktaufnahme per Telefon oder Mail Ferienabwesenheit vom 11. April bis am 19. April 2026 In dieser Zeit k\u00f6nnen Mails und Telefonanrufe nicht beantwortet werden. Vielen Dank f\u00fcr Ihr Verst\u00e4ndnis. Praxis f\u00fcr Handtherapie, Regula Jordi, Burgweg 1, 3510 Konolfingen [&hellip;]<\/p>\n","protected":false},"author":1,"featured_media":0,"parent":0,"menu_order":0,"comment_status":"closed","ping_status":"closed","template":"","meta":{"footnotes":""},"class_list":["post-91","page","type-page","status-publish","hentry"],"_links":{"self":[{"href":"https:\/\/ergotherapiekonolfingen.ch\/index.php?rest_route=\/wp\/v2\/pages\/91","targetHints":{"allow":["GET"]}}],"collection":[{"href":"https:\/\/ergotherapiekonolfingen.ch\/index.php?rest_route=\/wp\/v2\/pages"}],"about":[{"href":"https:\/\/ergotherapiekonolfingen.ch\/index.php?rest_route=\/wp\/v2\/types\/page"}],"author":[{"embeddable":true,"href":"https:\/\/ergotherapiekonolfingen.ch\/index.php?rest_route=\/wp\/v2\/users\/1"}],"replies":[{"embeddable":true,"href":"https:\/\/ergotherapiekonolfingen.ch\/index.php?rest_route=%2Fwp%2Fv2%2Fcomments&post=91"}],"version-history":[{"count":111,"href":"https:\/\/ergotherapiekonolfingen.ch\/index.php?rest_route=\/wp\/v2\/pages\/91\/revisions"}],"predecessor-version":[{"id":526,"href":"https:\/\/ergotherapiekonolfingen.ch\/index.php?rest_route=\/wp\/v2\/pages\/91\/revisions\/526"}],"wp:attachment":[{"href":"https:\/\/ergotherapiekonolfingen.ch\/index.php?rest_route=%2Fwp%2Fv2%2Fmedia&parent=91"}],"curies":[{"name":"wp","href":"https:\/\/api.w.org\/{rel}","templated":true}]}}